{"id":27156,"date":"2021-06-17T18:52:13","date_gmt":"2021-06-17T18:52:13","guid":{"rendered":"https:\/\/colpresentacioncartago.edu.co\/site\/?page_id=27156"},"modified":"2026-02-09T15:43:26","modified_gmt":"2026-02-09T14:43:26","slug":"encuesta-calidad","status":"publish","type":"page","link":"https:\/\/colpresentacioncartago.edu.co\/site\/?page_id=27156","title":{"rendered":"Encuestas de Calidad"},"content":{"rendered":"\t\t<div data-elementor-type=\"wp-post\" data-elementor-id=\"27156\" class=\"elementor elementor-27156\" data-elementor-post-type=\"page\">\n\t\t\t\t\t\t<section class=\"elementor-section elementor-top-section elementor-element elementor-element-1e510346 elementor-section-boxed elementor-section-height-default elementor-section-height-default\" data-id=\"1e510346\" data-element_type=\"section\" data-e-type=\"section\" data-settings=\"{&quot;background_background&quot;:&quot;classic&quot;}\">\n\t\t\t\t\t\t\t<div class=\"elementor-background-overlay\"><\/div>\n\t\t\t\t\t\t\t<div class=\"elementor-container elementor-column-gap-default\">\n\t\t\t\t\t<div class=\"elementor-column elementor-col-100 elementor-top-column elementor-element elementor-element-4468190\" data-id=\"4468190\" data-element_type=\"column\" data-e-type=\"column\">\n\t\t\t<div class=\"elementor-widget-wrap\">\n\t\t\t\t\t\t\t<\/div>\n\t\t<\/div>\n\t\t\t\t\t<\/div>\n\t\t<\/section>\n\t\t\t\t<section class=\"elementor-section elementor-top-section elementor-element elementor-element-08b0464 elementor-section-boxed elementor-section-height-default elementor-section-height-default\" data-id=\"08b0464\" data-element_type=\"section\" data-e-type=\"section\">\n\t\t\t\t\t\t<div class=\"elementor-container elementor-column-gap-default\">\n\t\t\t\t\t<div class=\"elementor-column elementor-col-100 elementor-top-column elementor-element elementor-element-ed7d479\" data-id=\"ed7d479\" data-element_type=\"column\" data-e-type=\"column\">\n\t\t\t<div class=\"elementor-widget-wrap elementor-element-populated\">\n\t\t\t\t\t\t<div class=\"elementor-element elementor-element-481e93d elementor-invisible elementor-widget elementor-widget-image-box\" data-id=\"481e93d\" data-element_type=\"widget\" data-e-type=\"widget\" data-settings=\"{&quot;_animation&quot;:&quot;tada&quot;}\" data-widget_type=\"image-box.default\">\n\t\t\t\t\t<div class=\"elementor-image-box-wrapper\"><div class=\"elementor-image-box-content\"><h2 class=\"elementor-image-box-title\">ENCUESTA DE SATISFACCI\u00d3N  - PRIMER SEMESTRE 2025 - 2026<\/h2><\/div><\/div>\t\t\t\t<\/div>\n\t\t\t\t<div class=\"elementor-element elementor-element-c8fb08c elementor-widget elementor-widget-text-editor\" data-id=\"c8fb08c\" data-element_type=\"widget\" data-e-type=\"widget\" data-widget_type=\"text-editor.default\">\n\t\t\t\t\t\t\t\t\t<p>Con el objetivo de medir la satisfacci\u00f3n de los padres de familia \u00a0y los estudiantes con el servicio que se brinda desde las dependencias de la instituci\u00f3n y conocer sus sugerencias y observaciones en cuanto a la atenci\u00f3n brindada.<br \/>Eval\u00fae de acuerdo a la siguiente escala de valoraci\u00f3n: SIEMPRE(3),\u00a0 ALGUNAS VECES (2), POCO (1),<br \/>Si no ha utilizado alguno de los servicios por favor seleccione NS\/NR. (No sabe, No responde).\u00a0 \u00a0 \u00a0Estar\u00e1 disponible hasta el 24 de febrero.<\/p>\t\t\t\t\t\t\t\t<\/div>\n\t\t\t\t\t<\/div>\n\t\t<\/div>\n\t\t\t\t\t<\/div>\n\t\t<\/section>\n\t\t\t\t<section class=\"elementor-section elementor-top-section elementor-element elementor-element-91f73a2 elementor-section-boxed elementor-section-height-default elementor-section-height-default\" data-id=\"91f73a2\" data-element_type=\"section\" data-e-type=\"section\">\n\t\t\t\t\t\t<div class=\"elementor-container elementor-column-gap-default\">\n\t\t\t\t\t<div class=\"elementor-column elementor-col-100 elementor-top-column elementor-element elementor-element-dcd9762\" data-id=\"dcd9762\" data-element_type=\"column\" data-e-type=\"column\">\n\t\t\t<div class=\"elementor-widget-wrap elementor-element-populated\">\n\t\t\t\t\t\t<div class=\"elementor-element elementor-element-50f134b elementor-button-warning elementor-align-center elementor-widget elementor-widget-button\" data-id=\"50f134b\" data-element_type=\"widget\" data-e-type=\"widget\" data-widget_type=\"button.default\">\n\t\t\t\t\t\t\t\t\t\t<a class=\"elementor-button elementor-button-link elementor-size-sm\" href=\"https:\/\/forms.gle\/52JbaaZVTHrGbfUs8\" target=\"_blank\">\n\t\t\t\t\t\t<span class=\"elementor-button-content-wrapper\">\n\t\t\t\t\t\t\t\t\t<span class=\"elementor-button-text\">Encuesta de satisfacci\u00f3n Prestaci\u00f3n del Servicio Educativo - Primer Semestre.  A\u00f1o Lectivo 2025- 2026<\/span>\n\t\t\t\t\t<\/span>\n\t\t\t\t\t<\/a>\n\t\t\t\t\t\t\t\t<\/div>\n\t\t\t\t\t<\/div>\n\t\t<\/div>\n\t\t\t\t\t<\/div>\n\t\t<\/section>\n\t\t\t\t<\/div>\n\t\t","protected":false},"excerpt":{"rendered":"<p>ENCUESTA DE SATISFACCI\u00d3N &#8211; PRIMER SEMESTRE 2025 &#8211; 2026 Con el objetivo de medir la satisfacci\u00f3n de los padres de familia \u00a0y los estudiantes con el servicio que se brinda [&hellip;]<\/p>\n","protected":false},"author":1,"featured_media":0,"parent":0,"menu_order":0,"comment_status":"closed","ping_status":"closed","template":"","meta":{"site-sidebar-layout":"no-sidebar","site-content-layout":"page-builder","ast-site-content-layout":"default","site-content-style":"default","site-sidebar-style":"default","ast-global-header-display":"","ast-banner-title-visibility":"","ast-main-header-display":"","ast-hfb-above-header-display":"","ast-hfb-below-header-display":"","ast-hfb-mobile-header-display":"","site-post-title":"disabled","ast-breadcrumbs-content":"disabled","ast-featured-img":"disabled","footer-sml-layout":"","ast-disable-related-posts":"","theme-transparent-header-meta":"enabled","adv-header-id-meta":"","stick-header-meta":"default","header-above-stick-meta":"","header-main-stick-meta":"","header-below-stick-meta":"","astra-migrate-meta-layouts":"default","ast-page-background-enabled":"default","ast-page-background-meta":{"desktop":{"background-color":"","background-image":"","background-repeat":"repeat","background-position":"center center","background-size":"auto","background-attachment":"scroll","background-type":"","background-media":"","overlay-type":"","overlay-color":"","overlay-opacity":"","overlay-gradient":""},"tablet":{"background-color":"","background-image":"","background-repeat":"repeat","background-position":"center center","background-size":"auto","background-attachment":"scroll","background-type":"","background-media":"","overlay-type":"","overlay-color":"","overlay-opacity":"","overlay-gradient":""},"mobile":{"background-color":"","background-image":"","background-repeat":"repeat","background-position":"center center","background-size":"auto","background-attachment":"scroll","background-type":"","background-media":"","overlay-type":"","overlay-color":"","overlay-opacity":"","overlay-gradient":""}},"ast-content-background-meta":{"desktop":{"background-color":"var(--ast-global-color-5)","background-image":"","background-repeat":"repeat","background-position":"center center","background-size":"auto","background-attachment":"scroll","background-type":"","background-media":"","overlay-type":"","overlay-color":"","overlay-opacity":"","overlay-gradient":""},"tablet":{"background-color":"var(--ast-global-color-5)","background-image":"","background-repeat":"repeat","background-position":"center center","background-size":"auto","background-attachment":"scroll","background-type":"","background-media":"","overlay-type":"","overlay-color":"","overlay-opacity":"","overlay-gradient":""},"mobile":{"background-color":"var(--ast-global-color-5)","background-image":"","background-repeat":"repeat","background-position":"center center","background-size":"auto","background-attachment":"scroll","background-type":"","background-media":"","overlay-type":"","overlay-color":"","overlay-opacity":"","overlay-gradient":""}},"footnotes":""},"class_list":["post-27156","page","type-page","status-publish","hentry"],"_links":{"self":[{"href":"https:\/\/colpresentacioncartago.edu.co\/site\/index.php?rest_route=\/wp\/v2\/pages\/27156","targetHints":{"allow":["GET"]}}],"collection":[{"href":"https:\/\/colpresentacioncartago.edu.co\/site\/index.php?rest_route=\/wp\/v2\/pages"}],"about":[{"href":"https:\/\/colpresentacioncartago.edu.co\/site\/index.php?rest_route=\/wp\/v2\/types\/page"}],"author":[{"embeddable":true,"href":"https:\/\/colpresentacioncartago.edu.co\/site\/index.php?rest_route=\/wp\/v2\/users\/1"}],"replies":[{"embeddable":true,"href":"https:\/\/colpresentacioncartago.edu.co\/site\/index.php?rest_route=%2Fwp%2Fv2%2Fcomments&post=27156"}],"version-history":[{"count":118,"href":"https:\/\/colpresentacioncartago.edu.co\/site\/index.php?rest_route=\/wp\/v2\/pages\/27156\/revisions"}],"predecessor-version":[{"id":30206,"href":"https:\/\/colpresentacioncartago.edu.co\/site\/index.php?rest_route=\/wp\/v2\/pages\/27156\/revisions\/30206"}],"wp:attachment":[{"href":"https:\/\/colpresentacioncartago.edu.co\/site\/index.php?rest_route=%2Fwp%2Fv2%2Fmedia&parent=27156"}],"curies":[{"name":"wp","href":"https:\/\/api.w.org\/{rel}","templated":true}]}}